{"id":639,"date":"2019-06-25T14:15:20","date_gmt":"2019-06-25T12:15:20","guid":{"rendered":"https:\/\/www.kiwihesta.nl\/?page_id=639"},"modified":"2020-05-05T11:21:59","modified_gmt":"2020-05-05T09:21:59","slug":"home","status":"publish","type":"page","link":"https:\/\/www.kiwihesta.nl\/de\/","title":{"rendered":"Home"},"content":{"rendered":"<p>KiwiHesta ist ein niederl\u00e4ndischer Hersteller, der sich seit 2008 entwickelt hat und sich auf die Herstellung von Warm- und Kaltwasser- und Dampf-Lufterhitzern und Batterien aus verzinktem Stahl, Edelstahl\/ALU oder Edelstahl\/Edelstahl spezialisiert hat. Auch f\u00fcr die handels\u00fcblichen Kupfer-Aluminium-Heiz- und K\u00fchlbatterien sind Sie bei uns an der richtigen Adresse.<\/p>\n<p>Als Batteriespezialist bieten wir ein komplettes Sortiment an hochwertigen K\u00fchlbatterien sowohl in Kaltwasser- als auch in Direktexpansions-Versionen (DX) an. M\u00f6glicherweise ausgestattet mit Tropfenabscheider und Tropfschalen. Auf Wunsch k\u00f6nnen wir die Batterien mit einer Beschichtung versehen, die ihre Lebensdauer deutlich verl\u00e4ngert.<\/p>\n<p>Unsere Mission<br \/>\nDank unserer langj\u00e4hrigen Erfahrung und unseres Know-hows sind wir in der Lage, mit Ihnen gemeinsam zu denken, um zu einer optimalen Produktwahl zu kommen. Kiwihesta bietet ma\u00dfgeschneiderte Produkte sowohl f\u00fcr die Industrie als auch f\u00fcr den Installateur.<\/p>\n<p>Unsere Vision<br \/>\nNachhaltigkeit ist ein immer wichtigeres Thema in unserer Gesellschaft. Dazu m\u00f6chten wir mit unseren Produkten beitragen. Dar\u00fcber hinaus sind Qualit\u00e4t, Sicherheit und Energieeffizienz f\u00fcr uns von gr\u00f6\u00dfter Bedeutung.<\/p>\n<p>Schnelle Lieferung<br \/>\nDa wir effizient arbeiten, k\u00f6nnen wir unsere (kundenspezifischen) Arbeitsprodukte schnell liefern.<\/p>\n<p>Unser Team<br \/>\nUnser Team besteht aus einer kleinen Gruppe von Kollegen, die Ihnen gerne bei Ihren Fragen helfen. Durch die kurzen Kommunikationswege k\u00f6nnen wir schnell wechseln und sind gut aufeinander eingestellt.<\/p>\n","protected":false},"excerpt":{"rendered":"<p>KiwiHesta ist ein niederl\u00e4ndischer Hersteller, der sich seit 2008 entwickelt hat und sich auf die Herstellung von Warm- und Kaltwasser- und Dampf-Lufterhitzern und Batterien aus verzinktem Stahl, Edelstahl\/ALU oder Edelstahl\/Edelstahl spezialisiert hat. Auch f\u00fcr die handels\u00fcblichen Kupfer-Aluminium-Heiz- und K\u00fchlbatterien sind Sie bei uns an der richtigen Adresse. Als Batteriespezialist bieten wir ein komplettes Sortiment an [&hellip;]<\/p>\n","protected":false},"author":1,"featured_media":0,"parent":0,"menu_order":0,"comment_status":"closed","ping_status":"closed","template":"","meta":{"_acf_changed":false,"_exactmetrics_skip_tracking":false,"_exactmetrics_sitenote_active":false,"_exactmetrics_sitenote_note":"","_exactmetrics_sitenote_category":0,"footnotes":""},"class_list":["post-639","page","type-page","status-publish","hentry"],"acf":[],"yoast_head":"<!-- This site is optimized with the Yoast SEO plugin v27.0 - https:\/\/yoast.com\/product\/yoast-seo-wordpress\/ -->\n<title>Home - KiwiHesta<\/title>\n<meta name=\"robots\" content=\"index, follow, max-snippet:-1, max-image-preview:large, max-video-preview:-1\" \/>\n<link rel=\"canonical\" href=\"https:\/\/www.kiwihesta.nl\/de\/\" \/>\n<meta property=\"og:locale\" content=\"de_DE\" \/>\n<meta property=\"og:type\" content=\"article\" \/>\n<meta property=\"og:title\" content=\"Home - KiwiHesta\" \/>\n<meta property=\"og:description\" content=\"KiwiHesta ist ein niederl\u00e4ndischer Hersteller, der sich seit 2008 entwickelt hat und sich auf die Herstellung von Warm- und Kaltwasser- und Dampf-Lufterhitzern und Batterien aus verzinktem Stahl, Edelstahl\/ALU oder Edelstahl\/Edelstahl spezialisiert hat. Auch f\u00fcr die handels\u00fcblichen Kupfer-Aluminium-Heiz- und K\u00fchlbatterien sind Sie bei uns an der richtigen Adresse. Als Batteriespezialist bieten wir ein komplettes Sortiment an [&hellip;]\" \/>\n<meta property=\"og:url\" content=\"https:\/\/www.kiwihesta.nl\/de\/\" \/>\n<meta property=\"og:site_name\" content=\"KiwiHesta\" \/>\n<meta property=\"article:modified_time\" content=\"2020-05-05T09:21:59+00:00\" \/>\n<meta name=\"twitter:card\" content=\"summary_large_image\" \/>\n<meta name=\"twitter:label1\" content=\"Gesch\u00e4tzte Lesezeit\" \/>\n\t<meta name=\"twitter:data1\" content=\"1\u00a0Minute\" \/>\n<script type=\"application\/ld+json\" class=\"yoast-schema-graph\">{\"@context\":\"https:\/\/schema.org\",\"@graph\":[{\"@type\":\"WebPage\",\"@id\":\"https:\/\/www.kiwihesta.nl\/de\/\",\"url\":\"https:\/\/www.kiwihesta.nl\/de\/\",\"name\":\"Home - KiwiHesta\",\"isPartOf\":{\"@id\":\"https:\/\/www.kiwihesta.nl\/de\/#website\"},\"datePublished\":\"2019-06-25T12:15:20+00:00\",\"dateModified\":\"2020-05-05T09:21:59+00:00\",\"breadcrumb\":{\"@id\":\"https:\/\/www.kiwihesta.nl\/de\/#breadcrumb\"},\"inLanguage\":\"de\",\"potentialAction\":[{\"@type\":\"ReadAction\",\"target\":[\"https:\/\/www.kiwihesta.nl\/de\/\"]}]},{\"@type\":\"BreadcrumbList\",\"@id\":\"https:\/\/www.kiwihesta.nl\/de\/#breadcrumb\",\"itemListElement\":[{\"@type\":\"ListItem\",\"position\":1,\"name\":\"Home\",\"item\":\"https:\/\/www.kiwihesta.nl\/de\/\"},{\"@type\":\"ListItem\",\"position\":2,\"name\":\"Home\"}]},{\"@type\":\"WebSite\",\"@id\":\"https:\/\/www.kiwihesta.nl\/de\/#website\",\"url\":\"https:\/\/www.kiwihesta.nl\/de\/\",\"name\":\"KiwiHesta\",\"description\":\"KiwiHesta heating products\",\"potentialAction\":[{\"@type\":\"SearchAction\",\"target\":{\"@type\":\"EntryPoint\",\"urlTemplate\":\"https:\/\/www.kiwihesta.nl\/de\/?s={search_term_string}\"},\"query-input\":{\"@type\":\"PropertyValueSpecification\",\"valueRequired\":true,\"valueName\":\"search_term_string\"}}],\"inLanguage\":\"de\"}]}<\/script>\n<!-- \/ Yoast SEO plugin. -->","yoast_head_json":{"title":"Home - KiwiHesta","robots":{"index":"index","follow":"follow","max-snippet":"max-snippet:-1","max-image-preview":"max-image-preview:large","max-video-preview":"max-video-preview:-1"},"canonical":"https:\/\/www.kiwihesta.nl\/de\/","og_locale":"de_DE","og_type":"article","og_title":"Home - KiwiHesta","og_description":"KiwiHesta ist ein niederl\u00e4ndischer Hersteller, der sich seit 2008 entwickelt hat und sich auf die Herstellung von Warm- und Kaltwasser- und Dampf-Lufterhitzern und Batterien aus verzinktem Stahl, Edelstahl\/ALU oder Edelstahl\/Edelstahl spezialisiert hat. Auch f\u00fcr die handels\u00fcblichen Kupfer-Aluminium-Heiz- und K\u00fchlbatterien sind Sie bei uns an der richtigen Adresse. Als Batteriespezialist bieten wir ein komplettes Sortiment an [&hellip;]","og_url":"https:\/\/www.kiwihesta.nl\/de\/","og_site_name":"KiwiHesta","article_modified_time":"2020-05-05T09:21:59+00:00","twitter_card":"summary_large_image","twitter_misc":{"Gesch\u00e4tzte Lesezeit":"1\u00a0Minute"},"schema":{"@context":"https:\/\/schema.org","@graph":[{"@type":"WebPage","@id":"https:\/\/www.kiwihesta.nl\/de\/","url":"https:\/\/www.kiwihesta.nl\/de\/","name":"Home - KiwiHesta","isPartOf":{"@id":"https:\/\/www.kiwihesta.nl\/de\/#website"},"datePublished":"2019-06-25T12:15:20+00:00","dateModified":"2020-05-05T09:21:59+00:00","breadcrumb":{"@id":"https:\/\/www.kiwihesta.nl\/de\/#breadcrumb"},"inLanguage":"de","potentialAction":[{"@type":"ReadAction","target":["https:\/\/www.kiwihesta.nl\/de\/"]}]},{"@type":"BreadcrumbList","@id":"https:\/\/www.kiwihesta.nl\/de\/#breadcrumb","itemListElement":[{"@type":"ListItem","position":1,"name":"Home","item":"https:\/\/www.kiwihesta.nl\/de\/"},{"@type":"ListItem","position":2,"name":"Home"}]},{"@type":"WebSite","@id":"https:\/\/www.kiwihesta.nl\/de\/#website","url":"https:\/\/www.kiwihesta.nl\/de\/","name":"KiwiHesta","description":"KiwiHesta heating products","potentialAction":[{"@type":"SearchAction","target":{"@type":"EntryPoint","urlTemplate":"https:\/\/www.kiwihesta.nl\/de\/?s={search_term_string}"},"query-input":{"@type":"PropertyValueSpecification","valueRequired":true,"valueName":"search_term_string"}}],"inLanguage":"de"}]}},"_links":{"self":[{"href":"https:\/\/www.kiwihesta.nl\/de\/wp-json\/wp\/v2\/pages\/639","targetHints":{"allow":["GET"]}}],"collection":[{"href":"https:\/\/www.kiwihesta.nl\/de\/wp-json\/wp\/v2\/pages"}],"about":[{"href":"https:\/\/www.kiwihesta.nl\/de\/wp-json\/wp\/v2\/types\/page"}],"author":[{"embeddable":true,"href":"https:\/\/www.kiwihesta.nl\/de\/wp-json\/wp\/v2\/users\/1"}],"replies":[{"embeddable":true,"href":"https:\/\/www.kiwihesta.nl\/de\/wp-json\/wp\/v2\/comments?post=639"}],"version-history":[{"count":9,"href":"https:\/\/www.kiwihesta.nl\/de\/wp-json\/wp\/v2\/pages\/639\/revisions"}],"predecessor-version":[{"id":2804,"href":"https:\/\/www.kiwihesta.nl\/de\/wp-json\/wp\/v2\/pages\/639\/revisions\/2804"}],"wp:attachment":[{"href":"https:\/\/www.kiwihesta.nl\/de\/wp-json\/wp\/v2\/media?parent=639"}],"curies":[{"name":"wp","href":"https:\/\/api.w.org\/{rel}","templated":true}]}}